{"id":2,"date":"2010-08-10T18:41:16","date_gmt":"2010-08-10T16:41:16","guid":{"rendered":"http:\/\/prue.noblogs.autistici.org\/?page_id=2"},"modified":"2018-11-09T07:52:29","modified_gmt":"2018-11-09T06:52:29","slug":"about","status":"publish","type":"page","link":"https:\/\/prue.noblogs.org\/?page_id=2","title":{"rendered":"About"},"content":{"rendered":"<p><a href=\"https:\/\/prue.noblogs.org\/files\/2018\/11\/axolotl.jpg\"><img loading=\"lazy\" decoding=\"async\" src=\"https:\/\/prue.noblogs.org\/files\/2018\/11\/axolotl-300x300.jpg\" alt=\"\" width=\"300\" height=\"300\" class=\"aligncenter size-medium wp-image-80\" srcset=\"https:\/\/prue.noblogs.org\/files\/2018\/11\/axolotl-300x300.jpg 300w, https:\/\/prue.noblogs.org\/files\/2018\/11\/axolotl-150x150.jpg 150w, https:\/\/prue.noblogs.org\/files\/2018\/11\/axolotl.jpg 640w\" sizes=\"auto, (max-width: 300px) 100vw, 300px\" \/><\/a><\/p>\n<p>&#8221; \u00c8 che a noi non piace muoverci molto, l&#8217;acquario \u00e8 cos\u00ed stretto; appena avanziamo un tantino ci urtiamo l&#8217;un l&#8217;altro con la coda o con la testa; nascono difficolt\u00e0, liti, fatica. Si sente meno il tempo se stiamo quieti.&#8221;<br \/>\n(Julio Cort\u00e1zar)<\/p>\n","protected":false},"excerpt":{"rendered":"<p>&#8221; \u00c8 che a noi non piace muoverci molto, l&#8217;acquario \u00e8 cos\u00ed stretto; appena avanziamo un tantino ci urtiamo l&#8217;un l&#8217;altro con la coda o con la testa; nascono difficolt\u00e0, liti, fatica. Si sente meno il tempo se stiamo quieti.&#8221; &hellip; <a href=\"https:\/\/prue.noblogs.org\/?page_id=2\">Continua a leggere<span class=\"meta-nav\">&rarr;<\/span><\/a><\/p>\n","protected":false},"author":304,"featured_media":0,"parent":0,"menu_order":0,"comment_status":"closed","ping_status":"closed","template":"","meta":{"footnotes":""},"class_list":["post-2","page","type-page","status-publish","hentry"],"_links":{"self":[{"href":"https:\/\/prue.noblogs.org\/index.php?rest_route=\/wp\/v2\/pages\/2","targetHints":{"allow":["GET"]}}],"collection":[{"href":"https:\/\/prue.noblogs.org\/index.php?rest_route=\/wp\/v2\/pages"}],"about":[{"href":"https:\/\/prue.noblogs.org\/index.php?rest_route=\/wp\/v2\/types\/page"}],"author":[{"embeddable":true,"href":"https:\/\/prue.noblogs.org\/index.php?rest_route=\/wp\/v2\/users\/304"}],"replies":[{"embeddable":true,"href":"https:\/\/prue.noblogs.org\/index.php?rest_route=%2Fwp%2Fv2%2Fcomments&post=2"}],"version-history":[{"count":3,"href":"https:\/\/prue.noblogs.org\/index.php?rest_route=\/wp\/v2\/pages\/2\/revisions"}],"predecessor-version":[{"id":108,"href":"https:\/\/prue.noblogs.org\/index.php?rest_route=\/wp\/v2\/pages\/2\/revisions\/108"}],"wp:attachment":[{"href":"https:\/\/prue.noblogs.org\/index.php?rest_route=%2Fwp%2Fv2%2Fmedia&parent=2"}],"curies":[{"name":"wp","href":"https:\/\/api.w.org\/{rel}","templated":true}]}}